{"id":45,"date":"2017-04-24T16:22:18","date_gmt":"2017-04-24T16:22:18","guid":{"rendered":"http:\/\/moldwelt.pt\/?page_id=45"},"modified":"2018-03-01T10:13:44","modified_gmt":"2018-03-01T10:13:44","slug":"a-capacidade","status":"publish","type":"page","link":"http:\/\/moldwelt.pt\/en\/a-capacidade\/","title":{"rendered":"::A CAPACIDADE::"},"content":{"rendered":"<p style=\"text-align: center;\"><span style=\"color: #ffffff; font-size: 22px;\"><span style=\"font-family: Calibri, sans-serif;\">A <strong>Moldwelt<\/strong> possui equipamentos de \u00faltima gera\u00e7\u00e3o com tecnologia de ponta (5 eixos, rob\u00f4s, etc.) associados a sistemas CAD \/ CAM sofisticados e potentes. Juntamente com o compromisso e profissionalismo dos seus colaboradores, a\u00a0<strong>Moldwelt<\/strong> tem a capacidade de desenvolver moldes que cumprem par\u00e2metros de m\u00e1xima efici\u00eancia e precis\u00e3o ao longo do seu fabrico para diferentes tipos de ind\u00fastrias.<\/span><\/span><\/p>\n<p style=\"text-align: center;\"><span style=\"color: #ffffff; font-size: 22px;\"><span style=\"font-family: Calibri, sans-serif;\">Moldes rotativos bi-material, moldes sandu\u00edche, com inje\u00e7\u00e3o de g\u00e1s, com inje\u00e7\u00e3o de \u00e1gua e filme s\u00e3o uma constante para o qual existe o know-how para aplicar em novos projetos.<\/span><\/span><\/p>\n","protected":false},"excerpt":{"rendered":"<p>A Moldwelt possui equipamentos de \u00faltima gera\u00e7\u00e3o com tecnologia de ponta (5 eixos, rob\u00f4s, etc.) associados a sistemas CAD \/ CAM sofisticados e potentes. Juntamente com o compromisso e profissionalismo dos seus colaboradores, a\u00a0Moldwelt tem a capacidade de desenvolver moldes que cumprem par\u00e2metros de m\u00e1xima efici\u00eancia e precis\u00e3o ao longo do seu fabrico para diferentes [&hellip;]<\/p>\n","protected":false},"author":1,"featured_media":0,"parent":0,"menu_order":0,"comment_status":"closed","ping_status":"closed","template":"","meta":{"footnotes":""},"_links":{"self":[{"href":"http:\/\/moldwelt.pt\/en\/wp-json\/wp\/v2\/pages\/45"}],"collection":[{"href":"http:\/\/moldwelt.pt\/en\/wp-json\/wp\/v2\/pages"}],"about":[{"href":"http:\/\/moldwelt.pt\/en\/wp-json\/wp\/v2\/types\/page"}],"author":[{"embeddable":true,"href":"http:\/\/moldwelt.pt\/en\/wp-json\/wp\/v2\/users\/1"}],"replies":[{"embeddable":true,"href":"http:\/\/moldwelt.pt\/en\/wp-json\/wp\/v2\/comments?post=45"}],"version-history":[{"count":5,"href":"http:\/\/moldwelt.pt\/en\/wp-json\/wp\/v2\/pages\/45\/revisions"}],"predecessor-version":[{"id":60,"href":"http:\/\/moldwelt.pt\/en\/wp-json\/wp\/v2\/pages\/45\/revisions\/60"}],"wp:attachment":[{"href":"http:\/\/moldwelt.pt\/en\/wp-json\/wp\/v2\/media?parent=45"}],"curies":[{"name":"wp","href":"https:\/\/api.w.org\/{rel}","templated":true}]}}